{"id":4095,"date":"2024-05-13T14:17:50","date_gmt":"2024-05-13T12:17:50","guid":{"rendered":"https:\/\/www.grouperouby.fr\/?page_id=4095"},"modified":"2026-02-18T13:07:54","modified_gmt":"2026-02-18T12:07:54","slug":"rouby-group-newspaper","status":"publish","type":"page","link":"https:\/\/www.grouperouby.fr\/en\/rouby-group-newspaper\/","title":{"rendered":"Rouby Group Newspaper"},"content":{"rendered":"<div class=\"wpb-content-wrapper\"><p>[vc_row][vc_column width=&#8221;1\/1&#8243;][uncode_block id=&#8221;3914&#8243;][\/vc_column][\/vc_row][vc_row unlock_row=&#8221;&#8221; row_height_percent=&#8221;0&#8243; back_color=&#8221;color-152675&#8243; overlay_alpha=&#8221;50&#8243; gutter_size=&#8221;0&#8243; column_width_percent=&#8221;100&#8243; border_color=&#8221;color-nhtu&#8221; border_style=&#8221;solid&#8221; shift_y=&#8221;0&#8243; z_index=&#8221;0&#8243; content_parallax=&#8221;0&#8243; uncode_shortcode_id=&#8221;152683&#8243; back_color_type=&#8221;uncode-palette&#8221; border_color_type=&#8221;uncode-palette&#8221; css=&#8221;.vc_custom_1771416444186{border-top-width: 1px !important;border-right-width: 1px !important;border-left-width: 1px !important;padding-right: 0px !important;padding-left: 0px !important;}&#8221; el_id=&#8221;word-list&#8221;][vc_column column_width_percent=&#8221;100&#8243; align_horizontal=&#8221;align_center&#8221; gutter_size=&#8221;3&#8243; overlay_alpha=&#8221;50&#8243; shift_x=&#8221;0&#8243; shift_y=&#8221;0&#8243; shift_y_down=&#8221;0&#8243; z_index=&#8221;0&#8243; medium_width=&#8221;0&#8243; align_mobile=&#8221;align_left_mobile&#8221; mobile_width=&#8221;0&#8243; width=&#8221;1\/1&#8243; uncode_shortcode_id=&#8221;136640&#8243;][vc_custom_heading text_color=&#8221;color-414611&#8243; heading_semantic=&#8221;div&#8221; text_size=&#8221;h3&#8243; text_weight=&#8221;300&#8243; text_transform=&#8221;uppercase&#8221; text_height=&#8221;fontheight-68&#8243; heading_display=&#8221;inline&#8221; uncode_shortcode_id=&#8221;161886&#8243; text_color_type=&#8221;uncode-palette&#8221; el_class=&#8221;word-cloud&#8221; el_id=&#8221;hover&#8221;]<\/p>\n<ul>\n<li><a href=\"https:\/\/www.grouperouby.fr\/en\/category\/chauvin-en\/\">Chauvin<\/a><\/li>\n<li><a href=\"https:\/\/www.grouperouby.fr\/en\/category\/sinex-en\/\">Sinex Industrie<\/a><\/li>\n<li><a href=\"https:\/\/www.grouperouby.fr\/en\/category\/ideatec-en\/\">Ideatec<\/a><\/li>\n<li><a href=\"https:\/\/www.grouperouby.fr\/en\/tag\/ermac-en\/\">Ermac<\/a><\/li>\n<li><a href=\"https:\/\/www.grouperouby.fr\/en\/category\/pateau-metallerie-en\/\">Pateau Metallerie<\/a><\/li>\n<li><a href=\"https:\/\/www.grouperouby.fr\/en\/category\/rouby-industrie-en\/\">Rouby Industrie<\/a><\/li>\n<li><a href=\"https:\/\/www.grouperouby.fr\/en\/category\/idemeca-en\/\">Idemeca<\/a><\/li>\n<li><a href=\"https:\/\/www.grouperouby.fr\/en\/category\/rouby-group\/\">Rouby Group<\/a><\/li>\n<\/ul>\n<p>[\/vc_custom_heading][\/vc_column][\/vc_row][vc_row unlock_row=&#8221;&#8221; row_height_percent=&#8221;0&#8243; override_padding=&#8221;yes&#8221; h_padding=&#8221;0&#8243; top_padding=&#8221;0&#8243; bottom_padding=&#8221;0&#8243; back_color=&#8221;color-xsdn&#8221; overlay_alpha=&#8221;50&#8243; gutter_size=&#8221;0&#8243; column_width_percent=&#8221;100&#8243; border_color=&#8221;color-nhtu&#8221; border_style=&#8221;solid&#8221; shift_y=&#8221;0&#8243; z_index=&#8221;0&#8243; desktop_visibility=&#8221;yes&#8221; medium_visibility=&#8221;yes&#8221; mobile_visibility=&#8221;yes&#8221; content_parallax=&#8221;0&#8243; uncode_shortcode_id=&#8221;208723&#8243; back_color_type=&#8221;uncode-palette&#8221; border_color_type=&#8221;uncode-palette&#8221; css=&#8221;.vc_custom_1749047741791{border-top-width: 1px !important;border-right-width: 1px !important;border-left-width: 1px !important;padding-top: 15px !important;padding-right: 20px !important;padding-bottom: 15px !important;padding-left: 20px !important;}&#8221;][vc_column column_width_percent=&#8221;100&#8243; align_horizontal=&#8221;align_center&#8221; gutter_size=&#8221;0&#8243; override_padding=&#8221;yes&#8221; column_padding=&#8221;0&#8243; back_image=&#8221;4155&#8243; overlay_alpha=&#8221;50&#8243; shift_x=&#8221;0&#8243; shift_y=&#8221;0&#8243; shift_y_down=&#8221;0&#8243; z_index=&#8221;0&#8243; medium_width=&#8221;0&#8243; align_mobile=&#8221;align_left_mobile&#8221; mobile_width=&#8221;0&#8243; width=&#8221;1\/1&#8243; uncode_shortcode_id=&#8221;199280&#8243; el_id=&#8221;background_contain&#8221;][vc_column_text uncode_shortcode_id=&#8221;577104&#8243; el_id=&#8221;btn_yellow&#8221; css=&#8221;.vc_custom_1747139639238{margin-top: 229px !important;margin-bottom: 26px !important;}&#8221;]<\/p>\n<p style=\"text-align: center;\"><a href=\"https:\/\/www.grouperouby.fr\/en\/?page_id=3923\">Learn more<\/a><\/p>\n<p>[\/vc_column_text][\/vc_column][\/vc_row][vc_row unlock_row=&#8221;&#8221; row_height_percent=&#8221;0&#8243; overlay_alpha=&#8221;50&#8243; gutter_size=&#8221;3&#8243; column_width_percent=&#8221;100&#8243; border_color=&#8221;color-jevc&#8221; border_style=&#8221;solid&#8221; shift_y=&#8221;0&#8243; z_index=&#8221;0&#8243; content_parallax=&#8221;0&#8243; uncode_shortcode_id=&#8221;301786&#8243; css=&#8221;.vc_custom_1739357189786{border-top-width: 1px !important;border-right-width: 1px !important;border-left-width: 1px !important;}&#8221; border_color_type=&#8221;uncode-palette&#8221; el_class=&#8221;blog__featured&#8221; el_id=&#8221;hover&#8221;][vc_column column_width_percent=&#8221;100&#8243; gutter_size=&#8221;3&#8243; overlay_alpha=&#8221;50&#8243; shift_x=&#8221;0&#8243; shift_y=&#8221;0&#8243; shift_y_down=&#8221;0&#8243; z_index=&#8221;0&#8243; medium_width=&#8221;0&#8243; mobile_width=&#8221;0&#8243; css_animation=&#8221;bottom-t-top&#8221; width=&#8221;1\/2&#8243; uncode_shortcode_id=&#8221;378341&#8243; el_class=&#8221;blog__featured&#8211;bigpost&#8221;][uncode_index el_id=&#8221;index-979333&#8243; index_type=&#8221;css_grid&#8221; loop=&#8221;size:1|order_by:date|order:DESC|post_type:post|tags:103,-119|taxonomy_count:10&#8243; grid_items=&#8221;1&#8243; screen_lg_items=&#8221;1&#8243; screen_lg_breakpoint=&#8221;1000&#8243; screen_md_items=&#8221;1&#8243; screen_md_breakpoint=&#8221;600&#8243; screen_sm_items=&#8221;1&#8243; screen_sm_breakpoint=&#8221;480&#8243; gutter_size=&#8221;3&#8243; css_grid_equal_height=&#8221;yes&#8221; post_items=&#8221;media|featured|onpost|original,category|nobg|relative|display-icon,title,text|excerpt|100&#8243; css_grid_images_size=&#8221;one-one&#8221; single_overlay_opacity=&#8221;40&#8243; single_overlay_visible=&#8221;yes&#8221; single_text_visible=&#8221;yes&#8221; single_padding=&#8221;2&#8243; uncode_shortcode_id=&#8221;150420&#8243;][\/vc_column][vc_column column_width_percent=&#8221;100&#8243; gutter_size=&#8221;3&#8243; overlay_alpha=&#8221;50&#8243; shift_x=&#8221;0&#8243; shift_y=&#8221;0&#8243; shift_y_down=&#8221;0&#8243; z_index=&#8221;0&#8243; medium_width=&#8221;0&#8243; mobile_width=&#8221;0&#8243; width=&#8221;1\/2&#8243; uncode_shortcode_id=&#8221;109722&#8243; el_class=&#8221;.blog__featured&#8211;smallposts .blog__featured&#8211;rightside&#8221;][uncode_index el_id=&#8221;index-106570&#8243; index_type=&#8221;css_grid&#8221; loop=&#8221;size:2|order_by:date|order:DESC|post_type:post|categories:-87|tags:-118,-90,-103,-104,-119|taxonomy_count:10&#8243; grid_items=&#8221;1&#8243; screen_lg_items=&#8221;2&#8243; screen_lg_breakpoint=&#8221;1000&#8243; screen_md_items=&#8221;2&#8243; screen_md_breakpoint=&#8221;600&#8243; screen_sm_items=&#8221;1&#8243; screen_sm_breakpoint=&#8221;480&#8243; gutter_size=&#8221;3&#8243; css_grid_equal_height=&#8221;yes&#8221; post_items=&#8221;media|featured|onpost|original,category|nobg|relative|display-icon,date,title,link|link|default_size|scale_mobile|default_width|default_outline|Read more,sep-one|full&#8221; css_grid_images_size=&#8221;twentyone-nine&#8221; single_overlay_opacity=&#8221;1&#8243; single_padding=&#8221;2&#8243; single_title_weight=&#8221;600&#8243; uncode_shortcode_id=&#8221;151327&#8243; offset=&#8221;0&#8243;][\/vc_column][\/vc_row][vc_row unlock_row=&#8221;&#8221; row_height_percent=&#8221;0&#8243; overlay_alpha=&#8221;50&#8243; gutter_size=&#8221;3&#8243; column_width_percent=&#8221;100&#8243; border_color=&#8221;color-jevc&#8221; border_style=&#8221;solid&#8221; shift_y=&#8221;0&#8243; z_index=&#8221;0&#8243; content_parallax=&#8221;0&#8243; uncode_shortcode_id=&#8221;711852&#8243; css=&#8221;.vc_custom_1739357196610{margin-bottom: 90px !important;border-top-width: 1px !important;border-right-width: 1px !important;border-bottom-width: 1px !important;border-left-width: 1px !important;padding-bottom: -25% !important;}&#8221; border_color_type=&#8221;uncode-palette&#8221; el_class=&#8221;blog__featured&#8221; el_id=&#8221;hover&#8221;][vc_column column_width_percent=&#8221;100&#8243; gutter_size=&#8221;3&#8243; overlay_alpha=&#8221;50&#8243; shift_x=&#8221;0&#8243; shift_y=&#8221;0&#8243; shift_y_down=&#8221;0&#8243; z_index=&#8221;0&#8243; medium_width=&#8221;0&#8243; mobile_width=&#8221;0&#8243; width=&#8221;1\/2&#8243; uncode_shortcode_id=&#8221;620165&#8243; el_class=&#8221;blog__featured&#8211;smallposts&#8221;][uncode_index el_id=&#8221;index-1065701&#8243; index_type=&#8221;css_grid&#8221; loop=&#8221;size:2|order_by:date|post_type:post|tags:-90,-103,-104,-119|taxonomy_count:10&#8243; grid_items=&#8221;1&#8243; screen_lg_items=&#8221;2&#8243; screen_lg_breakpoint=&#8221;1000&#8243; screen_md_items=&#8221;2&#8243; screen_md_breakpoint=&#8221;600&#8243; screen_sm_items=&#8221;1&#8243; screen_sm_breakpoint=&#8221;480&#8243; gutter_size=&#8221;3&#8243; css_grid_equal_height=&#8221;yes&#8221; post_items=&#8221;media|featured|onpost|original,category|nobg|relative|display-icon,date,title,link|link|default_size|scale_mobile|default_width|default_outline,sep-one|full&#8221; css_grid_images_size=&#8221;twentyone-nine&#8221; single_overlay_opacity=&#8221;1&#8243; single_padding=&#8221;2&#8243; single_title_weight=&#8221;600&#8243; uncode_shortcode_id=&#8221;188630&#8243; offset=&#8221;2&#8243;][\/vc_column][vc_column column_width_percent=&#8221;100&#8243; gutter_size=&#8221;3&#8243; overlay_alpha=&#8221;50&#8243; shift_x=&#8221;0&#8243; shift_y=&#8221;0&#8243; shift_y_down=&#8221;0&#8243; z_index=&#8221;0&#8243; medium_width=&#8221;0&#8243; mobile_width=&#8221;0&#8243; css_animation=&#8221;bottom-t-top&#8221; width=&#8221;1\/2&#8243; uncode_shortcode_id=&#8221;189226&#8243; el_class=&#8221;blog__featured&#8211;bigpost&#8221;][uncode_index el_id=&#8221;index-9793337&#8243; index_type=&#8221;css_grid&#8221; loop=&#8221;size:1|order_by:date|order:DESC|post_type:post|tags:-90,104,-119|taxonomy_count:10&#8243; grid_items=&#8221;1&#8243; screen_lg_items=&#8221;1&#8243; screen_lg_breakpoint=&#8221;1000&#8243; screen_md_items=&#8221;1&#8243; screen_md_breakpoint=&#8221;600&#8243; screen_sm_items=&#8221;1&#8243; screen_sm_breakpoint=&#8221;480&#8243; gutter_size=&#8221;3&#8243; post_items=&#8221;media|featured|onpost|original,category|nobg|relative|display-icon,title,text|excerpt|100&#8243; css_grid_images_size=&#8221;one-one&#8221; single_overlay_opacity=&#8221;40&#8243; single_overlay_visible=&#8221;yes&#8221; single_text_visible=&#8221;yes&#8221; single_padding=&#8221;2&#8243; uncode_shortcode_id=&#8221;188717&#8243;][\/vc_column][\/vc_row][vc_row unlock_row=&#8221;&#8221; row_height_percent=&#8221;0&#8243; overlay_alpha=&#8221;50&#8243; gutter_size=&#8221;3&#8243; column_width_percent=&#8221;100&#8243; border_color=&#8221;color-jevc&#8221; border_style=&#8221;solid&#8221; shift_y=&#8221;0&#8243; z_index=&#8221;0&#8243; content_parallax=&#8221;0&#8243; uncode_shortcode_id=&#8221;582657&#8243; css=&#8221;.vc_custom_1754491190912{margin-bottom: 90px !important;border-top-width: 1px !important;border-right-width: 1px !important;border-bottom-width: 1px !important;border-left-width: 1px !important;padding-bottom: -25% !important;}&#8221; border_color_type=&#8221;uncode-palette&#8221;][vc_column column_width_percent=&#8221;100&#8243; gutter_size=&#8221;3&#8243; overlay_alpha=&#8221;50&#8243; shift_x=&#8221;0&#8243; shift_y=&#8221;0&#8243; shift_y_down=&#8221;0&#8243; z_index=&#8221;0&#8243; medium_width=&#8221;0&#8243; mobile_width=&#8221;0&#8243; width=&#8221;1\/1&#8243; uncode_shortcode_id=&#8221;929308&#8243; el_class=&#8221;blog__posts&#8221; css=&#8221;.vc_custom_1754491199410{padding-bottom: 15px !important;}&#8221;][uncode_index el_id=&#8221;index-879309&#8243; index_type=&#8221;css_grid&#8221; loop=&#8221;size:3|order_by:date|post_type:post|tags:-118,-90,-103,-104,-119|taxonomy_count:10&#8243; grid_items=&#8221;3&#8243; screen_lg_items=&#8221;3&#8243; screen_lg_breakpoint=&#8221;1000&#8243; screen_md_items=&#8221;2&#8243; screen_md_breakpoint=&#8221;600&#8243; screen_sm_items=&#8221;1&#8243; screen_sm_breakpoint=&#8221;480&#8243; gutter_size=&#8221;3&#8243; css_grid_equal_height=&#8221;yes&#8221; post_items=&#8221;media|featured|onpost|original,date,title|-,link|link|default_size|scale_mobile|default_width|default_outline|Read more&#8221; css_grid_images_size=&#8221;twentyone-nine&#8221; single_overlay_opacity=&#8221;1&#8243; single_padding=&#8221;2&#8243; uncode_shortcode_id=&#8221;120245&#8243; offset=&#8221;4&#8243;][\/vc_column][\/vc_row]<\/p>\n<\/div>","protected":false},"excerpt":{"rendered":"<p>[vc_row][vc_column width=&#8221;1\/1&#8243;][uncode_block id=&#8221;3914&#8243;][\/vc_column][\/vc_row][vc_row unlock_row=&#8221;&#8221; row_height_percent=&#8221;0&#8243; back_color=&#8221;color-152675&#8243; overlay_alpha=&#8221;50&#8243; gutter_size=&#8221;0&#8243; column_width_percent=&#8221;100&#8243; border_color=&#8221;color-nhtu&#8221; border_style=&#8221;solid&#8221; shift_y=&#8221;0&#8243; z_index=&#8221;0&#8243; content_parallax=&#8221;0&#8243; uncode_shortcode_id=&#8221;152683&#8243; back_color_type=&#8221;uncode-palette&#8221; border_color_type=&#8221;uncode-palette&#8221; css=&#8221;.vc_custom_1771416444186{border-top-width: 1px !important;border-right-width: [&hellip;]<\/p>\n","protected":false},"author":2,"featured_media":0,"parent":0,"menu_order":0,"comment_status":"closed","ping_status":"closed","template":"","meta":{"_seopress_robots_primary_cat":"","_seopress_titles_title":"Le blog - Groupe Rouby","_seopress_titles_desc":"D\u00e9couvrez les nouvelles relatives aux m\u00e9tiers, \u00e9v\u00e9nements et innovations qui font la renomm\u00e9e du Groupe Rouby pour les acteurs des industries.","_seopress_robots_index":"","footnotes":""},"class_list":["post-4095","page","type-page","status-publish","hentry"],"_links":{"self":[{"href":"https:\/\/www.grouperouby.fr\/en\/wp-json\/wp\/v2\/pages\/4095","targetHints":{"allow":["GET"]}}],"collection":[{"href":"https:\/\/www.grouperouby.fr\/en\/wp-json\/wp\/v2\/pages"}],"about":[{"href":"https:\/\/www.grouperouby.fr\/en\/wp-json\/wp\/v2\/types\/page"}],"author":[{"embeddable":true,"href":"https:\/\/www.grouperouby.fr\/en\/wp-json\/wp\/v2\/users\/2"}],"replies":[{"embeddable":true,"href":"https:\/\/www.grouperouby.fr\/en\/wp-json\/wp\/v2\/comments?post=4095"}],"version-history":[{"count":0,"href":"https:\/\/www.grouperouby.fr\/en\/wp-json\/wp\/v2\/pages\/4095\/revisions"}],"wp:attachment":[{"href":"https:\/\/www.grouperouby.fr\/en\/wp-json\/wp\/v2\/media?parent=4095"}],"curies":[{"name":"wp","href":"https:\/\/api.w.org\/{rel}","templated":true}]}}